{"id":3716,"date":"2024-08-12T09:59:01","date_gmt":"2024-08-12T09:59:01","guid":{"rendered":"https:\/\/nordstaff.ee\/services\/"},"modified":"2024-11-13T09:14:27","modified_gmt":"2024-11-13T09:14:27","slug":"services","status":"publish","type":"page","link":"https:\/\/nordstaff.ee\/en\/services\/","title":{"rendered":"Services"},"content":{"rendered":"\t\t<div data-elementor-type=\"wp-page\" data-elementor-id=\"3716\" class=\"elementor elementor-3716 elementor-3139\">\n\t\t\t\t<div class=\"elementor-element elementor-element-a449c92 e-flex e-con-boxed e-con e-parent\" data-id=\"a449c92\" data-element_type=\"container\">\n\t\t\t\t\t<div class=\"e-con-inner\">\n\t\t\t\t<div class=\"elementor-element elementor-element-560e838 elementor-widget elementor-widget-heading\" data-id=\"560e838\" data-element_type=\"widget\" data-widget_type=\"heading.default\">\n\t\t\t\t<div class=\"elementor-widget-container\">\n\t\t\t<h1 class=\"elementor-heading-title elementor-size-default\">Comprehensive Staff Leasing and Recruitment Services<\/h1>\t\t<\/div>\n\t\t\t\t<\/div>\n\t\t\t\t\t<\/div>\n\t\t\t\t<\/div>\n\t\t<div class=\"elementor-element elementor-element-c7902db e-grid e-con-boxed e-con e-parent\" data-id=\"c7902db\" data-element_type=\"container\">\n\t\t\t\t\t<div class=\"e-con-inner\">\n\t\t<div class=\"elementor-element elementor-element-8633a17 e-con-full e-flex e-con e-child\" data-id=\"8633a17\" data-element_type=\"container\">\n\t\t\t\t<div class=\"elementor-element elementor-element-5655aa2 elementor-widget elementor-widget-image\" data-id=\"5655aa2\" data-element_type=\"widget\" data-widget_type=\"image.default\">\n\t\t\t\t<div class=\"elementor-widget-container\">\n\t\t\t\t\t\t\t\t\t\t\t\t\t\t<a href=\"https:\/\/nordstaff.ee\/en\/toojourent\/\">\n\t\t\t\t\t\t\t<img fetchpriority=\"high\" decoding=\"async\" width=\"1024\" height=\"682\" src=\"https:\/\/nordstaff.ee\/wp-content\/uploads\/2024\/08\/63c5371d9f1b45e650d34526_Finesta-Industrial2-1024x682.jpg\" class=\"attachment-large size-large wp-image-3456 img-fluid\" alt=\"Kaks t\u00f6\u00f6tajat tootmiskohas. T\u00f6\u00f6j\u00f5urent ja v\u00e4rbamine ettev\u00f5tetele.\" srcset=\"https:\/\/nordstaff.ee\/wp-content\/uploads\/2024\/08\/63c5371d9f1b45e650d34526_Finesta-Industrial2-1024x682.jpg 1024w, https:\/\/nordstaff.ee\/wp-content\/uploads\/2024\/08\/63c5371d9f1b45e650d34526_Finesta-Industrial2-300x200.jpg 300w, https:\/\/nordstaff.ee\/wp-content\/uploads\/2024\/08\/63c5371d9f1b45e650d34526_Finesta-Industrial2-768x512.jpg 768w, https:\/\/nordstaff.ee\/wp-content\/uploads\/2024\/08\/63c5371d9f1b45e650d34526_Finesta-Industrial2-1536x1024.jpg 1536w, https:\/\/nordstaff.ee\/wp-content\/uploads\/2024\/08\/63c5371d9f1b45e650d34526_Finesta-Industrial2-1568x1045.jpg 1568w, https:\/\/nordstaff.ee\/wp-content\/uploads\/2024\/08\/63c5371d9f1b45e650d34526_Finesta-Industrial2-600x400.jpg 600w, https:\/\/nordstaff.ee\/wp-content\/uploads\/2024\/08\/63c5371d9f1b45e650d34526_Finesta-Industrial2.jpg 2000w\" sizes=\"(max-width: 1024px) 100vw, 1024px\" \/>\t\t\t\t\t\t\t\t<\/a>\n\t\t\t\t\t\t\t\t\t\t\t\t\t<\/div>\n\t\t\t\t<\/div>\n\t\t\t\t<div class=\"elementor-element elementor-element-f1e0b84 m-0 elementor-widget elementor-widget-title\" data-id=\"f1e0b84\" data-element_type=\"widget\" data-widget_type=\"title.default\">\n\t\t\t\t<div class=\"elementor-widget-container\">\n\t\t\t<span class=\"control-heading-title\"><a href=\"https:\/\/nordstaff.ee\/en\/toojourent\/\">Staff leasing<\/a><\/span>\t\t<\/div>\n\t\t\t\t<\/div>\n\t\t\t\t<\/div>\n\t\t<div class=\"elementor-element elementor-element-6e906d5 e-con-full e-flex e-con e-child\" data-id=\"6e906d5\" data-element_type=\"container\">\n\t\t\t\t<div class=\"elementor-element elementor-element-78c0bc4 elementor-widget elementor-widget-image\" data-id=\"78c0bc4\" data-element_type=\"widget\" data-widget_type=\"image.default\">\n\t\t\t\t<div class=\"elementor-widget-container\">\n\t\t\t\t\t\t\t\t\t\t\t\t\t\t<a href=\"https:\/\/nordstaff.ee\/en\/varbamine\/\">\n\t\t\t\t\t\t\t<img decoding=\"async\" width=\"1024\" height=\"683\" src=\"https:\/\/nordstaff.ee\/wp-content\/uploads\/2024\/08\/1-12-1280x854-1-1024x683.jpg\" class=\"attachment-large size-large wp-image-3463 img-fluid\" alt=\"Recruitment interview in an office. Personnel recruitment for the company.\" srcset=\"https:\/\/nordstaff.ee\/wp-content\/uploads\/2024\/08\/1-12-1280x854-1-1024x683.jpg 1024w, https:\/\/nordstaff.ee\/wp-content\/uploads\/2024\/08\/1-12-1280x854-1-300x200.jpg 300w, https:\/\/nordstaff.ee\/wp-content\/uploads\/2024\/08\/1-12-1280x854-1-768x512.jpg 768w, https:\/\/nordstaff.ee\/wp-content\/uploads\/2024\/08\/1-12-1280x854-1-600x400.jpg 600w, https:\/\/nordstaff.ee\/wp-content\/uploads\/2024\/08\/1-12-1280x854-1.jpg 1280w\" sizes=\"(max-width: 1024px) 100vw, 1024px\" \/>\t\t\t\t\t\t\t\t<\/a>\n\t\t\t\t\t\t\t\t\t\t\t\t\t<\/div>\n\t\t\t\t<\/div>\n\t\t\t\t<div class=\"elementor-element elementor-element-96328f0 m-0 elementor-widget elementor-widget-title\" data-id=\"96328f0\" data-element_type=\"widget\" data-widget_type=\"title.default\">\n\t\t\t\t<div class=\"elementor-widget-container\">\n\t\t\t<span class=\"control-heading-title\"><a href=\"https:\/\/nordstaff.ee\/en\/varbamine\/\">Recruitment \/ Personnel Search<\/a><\/span>\t\t<\/div>\n\t\t\t\t<\/div>\n\t\t\t\t<\/div>\n\t\t<div class=\"elementor-element elementor-element-3008c71 e-con-full e-flex e-con e-child\" data-id=\"3008c71\" data-element_type=\"container\">\n\t\t\t\t<div class=\"elementor-element elementor-element-6c412ee elementor-widget elementor-widget-image\" data-id=\"6c412ee\" data-element_type=\"widget\" data-widget_type=\"image.default\">\n\t\t\t\t<div class=\"elementor-widget-container\">\n\t\t\t\t\t\t\t\t\t\t\t\t\t\t<a href=\"https:\/\/nordstaff.ee\/en\/luhiajaline-rent\/\">\n\t\t\t\t\t\t\t<img decoding=\"async\" width=\"750\" height=\"367\" src=\"https:\/\/nordstaff.ee\/wp-content\/uploads\/2024\/08\/image.jpg\" class=\"attachment-large size-large wp-image-3472 img-fluid\" alt=\"Employees at computers. Short-term staff leasing for office tasks.\" srcset=\"https:\/\/nordstaff.ee\/wp-content\/uploads\/2024\/08\/image.jpg 750w, https:\/\/nordstaff.ee\/wp-content\/uploads\/2024\/08\/image-300x147.jpg 300w, https:\/\/nordstaff.ee\/wp-content\/uploads\/2024\/08\/image-600x294.jpg 600w\" sizes=\"(max-width: 750px) 100vw, 750px\" \/>\t\t\t\t\t\t\t\t<\/a>\n\t\t\t\t\t\t\t\t\t\t\t\t\t<\/div>\n\t\t\t\t<\/div>\n\t\t\t\t<div class=\"elementor-element elementor-element-4eb0222 m-0 elementor-widget elementor-widget-title\" data-id=\"4eb0222\" data-element_type=\"widget\" data-widget_type=\"title.default\">\n\t\t\t\t<div class=\"elementor-widget-container\">\n\t\t\t<span class=\"control-heading-title\"><a href=\"https:\/\/nordstaff.ee\/en\/luhiajaline-rent\/\">Short-term staff leasing<\/a><\/span>\t\t<\/div>\n\t\t\t\t<\/div>\n\t\t\t\t<\/div>\n\t\t<div class=\"elementor-element elementor-element-dccf008 e-con-full e-flex e-con e-child\" data-id=\"dccf008\" data-element_type=\"container\">\n\t\t\t\t<div class=\"elementor-element elementor-element-c0a2bb9 elementor-widget elementor-widget-image\" data-id=\"c0a2bb9\" data-element_type=\"widget\" data-widget_type=\"image.default\">\n\t\t\t\t<div class=\"elementor-widget-container\">\n\t\t\t\t\t\t\t\t\t\t\t\t\t\t<a href=\"https:\/\/nordstaff.ee\/en\/konsultatsioon\/\">\n\t\t\t\t\t\t\t<img loading=\"lazy\" decoding=\"async\" width=\"1024\" height=\"566\" src=\"https:\/\/nordstaff.ee\/wp-content\/uploads\/2024\/08\/image-10-1024x566.png\" class=\"attachment-large size-large wp-image-3481 img-fluid\" alt=\"Hiring consultations, an interview with a candidate in the office.\" srcset=\"https:\/\/nordstaff.ee\/wp-content\/uploads\/2024\/08\/image-10-1024x566.png 1024w, https:\/\/nordstaff.ee\/wp-content\/uploads\/2024\/08\/image-10-300x166.png 300w, https:\/\/nordstaff.ee\/wp-content\/uploads\/2024\/08\/image-10-768x425.png 768w, https:\/\/nordstaff.ee\/wp-content\/uploads\/2024\/08\/image-10-600x332.png 600w, https:\/\/nordstaff.ee\/wp-content\/uploads\/2024\/08\/image-10.png 1226w\" sizes=\"(max-width: 1024px) 100vw, 1024px\" \/>\t\t\t\t\t\t\t\t<\/a>\n\t\t\t\t\t\t\t\t\t\t\t\t\t<\/div>\n\t\t\t\t<\/div>\n\t\t\t\t<div class=\"elementor-element elementor-element-36b9345 m-0 elementor-widget elementor-widget-title\" data-id=\"36b9345\" data-element_type=\"widget\" data-widget_type=\"title.default\">\n\t\t\t\t<div class=\"elementor-widget-container\">\n\t\t\t<span class=\"control-heading-title\"><a href=\"https:\/\/nordstaff.ee\/en\/konsultatsioon\/\">Consultation<\/a><\/span>\t\t<\/div>\n\t\t\t\t<\/div>\n\t\t\t\t<\/div>\n\t\t\t\t\t<\/div>\n\t\t\t\t<\/div>\n\t\t<div class=\"elementor-element elementor-element-16db939 e-flex e-con-boxed e-con e-parent\" data-id=\"16db939\" data-element_type=\"container\" data-settings=\"{&quot;background_background&quot;:&quot;classic&quot;}\">\n\t\t\t\t\t<div class=\"e-con-inner\">\n\t\t\t\t<div class=\"elementor-element elementor-element-2e3ebeb m-0 elementor-widget elementor-widget-title\" data-id=\"2e3ebeb\" data-element_type=\"widget\" data-widget_type=\"title.default\">\n\t\t\t\t<div class=\"elementor-widget-container\">\n\t\t\t<h2 class=\"control-heading-title\">Do you have any questions about our services?<\/h2>\t\t<\/div>\n\t\t\t\t<\/div>\n\t\t\t\t<div class=\"elementor-element elementor-element-afc1d52 m-0 elementor-widget elementor-widget-title\" data-id=\"afc1d52\" data-element_type=\"widget\" data-widget_type=\"title.default\">\n\t\t\t\t<div class=\"elementor-widget-container\">\n\t\t\t<p class=\"control-heading-title color-text-paragraph-2 mb-30\">We'll be happy to answer them!<\/p>\t\t<\/div>\n\t\t\t\t<\/div>\n\t\t\t\t<div class=\"elementor-element elementor-element-f2c1a4e elementor-widget elementor-widget-shortcode\" data-id=\"f2c1a4e\" data-element_type=\"widget\" data-widget_type=\"shortcode.default\">\n\t\t\t\t<div class=\"elementor-widget-container\">\n\t\t\t\t\t<div class=\"elementor-shortcode\">\n<div class=\"wpcf7 no-js\" id=\"wpcf7-f3050-o1\" lang=\"en-US\" dir=\"ltr\" data-wpcf7-id=\"3050\">\n<div class=\"screen-reader-response\"><p role=\"status\" aria-live=\"polite\" aria-atomic=\"true\"><\/p> <ul><\/ul><\/div>\n<form action=\"\/en\/wp-json\/wp\/v2\/pages\/3716#wpcf7-f3050-o1\" method=\"post\" class=\"wpcf7-form init\" aria-label=\"Contact form\" novalidate=\"novalidate\" data-status=\"init\">\n<div style=\"display: none;\">\n<input type=\"hidden\" name=\"_wpcf7\" value=\"3050\" \/>\n<input type=\"hidden\" name=\"_wpcf7_version\" value=\"6.0\" \/>\n<input type=\"hidden\" name=\"_wpcf7_locale\" value=\"en_US\" \/>\n<input type=\"hidden\" name=\"_wpcf7_unit_tag\" value=\"wpcf7-f3050-o1\" \/>\n<input type=\"hidden\" name=\"_wpcf7_container_post\" value=\"0\" \/>\n<input type=\"hidden\" name=\"_wpcf7_posted_data_hash\" value=\"\" \/>\n<\/div>\n<div class=\"row\">\n\t<div class=\"col-md-6\">\n\t\t<div class=\"input-style mb-20\">\n\t\t\t<p><span class=\"wpcf7-form-control-wrap\" data-name=\"your-name\"><input size=\"40\" maxlength=\"400\" class=\"wpcf7-form-control wpcf7-text wpcf7-validates-as-required font-sm color-text-paragraph-2\" aria-required=\"true\" aria-invalid=\"false\" placeholder=\"Name *\" value=\"\" type=\"text\" name=\"your-name\" \/><\/span>\n\t\t\t<\/p>\n\t\t<\/div>\n\t<\/div>\n\t<div class=\"col-md-6\">\n\t\t<div class=\"input-style mb-20\">\n\t\t\t<p><span class=\"wpcf7-form-control-wrap\" data-name=\"company\"><input size=\"40\" maxlength=\"400\" class=\"wpcf7-form-control wpcf7-text font-sm color-text-paragraph-2\" aria-invalid=\"false\" placeholder=\"Company name\" value=\"\" type=\"text\" name=\"company\" \/><\/span>\n\t\t\t<\/p>\n\t\t<\/div>\n\t<\/div>\n\t<div class=\"col-md-6\">\n\t\t<div class=\"input-style mb-20\">\n\t\t\t<p><span class=\"wpcf7-form-control-wrap\" data-name=\"email\"><input size=\"40\" maxlength=\"400\" class=\"wpcf7-form-control wpcf7-email wpcf7-validates-as-required wpcf7-text wpcf7-validates-as-email font-sm color-text-paragraph-2\" aria-required=\"true\" aria-invalid=\"false\" placeholder=\"E-mail *\" value=\"\" type=\"email\" name=\"email\" \/><\/span>\n\t\t\t<\/p>\n\t\t<\/div>\n\t<\/div>\n\t<div class=\"col-md-6\">\n\t\t<div class=\"input-style mb-20\">\n\t\t\t<p><span class=\"wpcf7-form-control-wrap\" data-name=\"phone\"><input size=\"40\" maxlength=\"400\" class=\"wpcf7-form-control wpcf7-tel wpcf7-validates-as-required wpcf7-text wpcf7-validates-as-tel font-sm color-text-paragraph-2\" aria-required=\"true\" aria-invalid=\"false\" placeholder=\"Phone number *\" value=\"\" type=\"tel\" name=\"phone\" \/><\/span>\n\t\t\t<\/p>\n\t\t<\/div>\n\t<\/div>\n\t<div class=\"col-md-12\">\n\t\t<div class=\"input-style mb-20\">\n\t\t\t<p><span class=\"wpcf7-form-control-wrap\" data-name=\"theme\"><select class=\"wpcf7-form-control wpcf7-select\" aria-invalid=\"false\" name=\"theme\"><option value=\"\">Subject<\/option><option value=\"Staff leasing\">Staff leasing<\/option><option value=\"Recruitment \/ Personnel Search\">Recruitment \/ Personnel Search<\/option><option value=\"Short-term leasing\">Short-term leasing<\/option><option value=\"Consultation\">Consultation<\/option><\/select><\/span>\n\t\t\t<\/p>\n\t\t<\/div>\n\t<\/div>\n\t<div class=\"col-md-12\">\n\t\t<div class=\"textarea-style mb-30\">\n\t\t\t<p><span class=\"wpcf7-form-control-wrap\" data-name=\"message\"><textarea cols=\"40\" rows=\"10\" maxlength=\"2000\" class=\"wpcf7-form-control wpcf7-textarea font-sm color-text-paragraph-2\" aria-invalid=\"false\" placeholder=\"Message\" name=\"message\"><\/textarea><\/span>\n\t\t\t<\/p>\n\t\t<\/div>\n\t\t<p><span class=\"wpcf7-form-control-wrap\" data-name=\"terms\"><span class=\"wpcf7-form-control wpcf7-checkbox wpcf7-validates-as-required mt-6\"><span class=\"wpcf7-list-item first last\"><input type=\"checkbox\" name=\"terms[]\" value=\"I agree to the privacy policy\" \/><span class=\"wpcf7-list-item-label\">I agree to the privacy policy<\/span><\/span><\/span><\/span><br \/>\n<input class=\"wpcf7-form-control wpcf7-submit has-spinner submit btn btn-send-message\" type=\"submit\" value=\"Send message\" \/>\n\t\t<\/p>\n\t<\/div>\n<\/div><div class=\"wpcf7-response-output\" aria-hidden=\"true\"><\/div>\n<\/form>\n<\/div>\n<\/div>\n\t\t\t\t<\/div>\n\t\t\t\t<\/div>\n\t\t\t\t\t<\/div>\n\t\t\t\t<\/div>\n\t\t\t\t<\/div>\n\t\t","protected":false},"excerpt":{"rendered":"<p>Comprehensive Staff Leasing and Recruitment Services Staff leasing Recruitment \/ Personnel Search Short-term staff leasing Consultation Do you have any&#8230;<\/p>\n","protected":false},"author":2,"featured_media":0,"parent":0,"menu_order":0,"comment_status":"closed","ping_status":"closed","template":"","meta":{"footnotes":""},"class_list":["post-3716","page","type-page","status-publish","hentry","no-post-thumbnail","pt-10"],"aioseo_notices":[],"_links":{"self":[{"href":"https:\/\/nordstaff.ee\/en\/wp-json\/wp\/v2\/pages\/3716","targetHints":{"allow":["GET"]}}],"collection":[{"href":"https:\/\/nordstaff.ee\/en\/wp-json\/wp\/v2\/pages"}],"about":[{"href":"https:\/\/nordstaff.ee\/en\/wp-json\/wp\/v2\/types\/page"}],"author":[{"embeddable":true,"href":"https:\/\/nordstaff.ee\/en\/wp-json\/wp\/v2\/users\/2"}],"replies":[{"embeddable":true,"href":"https:\/\/nordstaff.ee\/en\/wp-json\/wp\/v2\/comments?post=3716"}],"version-history":[{"count":27,"href":"https:\/\/nordstaff.ee\/en\/wp-json\/wp\/v2\/pages\/3716\/revisions"}],"predecessor-version":[{"id":4688,"href":"https:\/\/nordstaff.ee\/en\/wp-json\/wp\/v2\/pages\/3716\/revisions\/4688"}],"wp:attachment":[{"href":"https:\/\/nordstaff.ee\/en\/wp-json\/wp\/v2\/media?parent=3716"}],"curies":[{"name":"wp","href":"https:\/\/api.w.org\/{rel}","templated":true}]}}